{"id":782,"date":"2024-02-06T08:19:07","date_gmt":"2024-02-06T08:19:07","guid":{"rendered":"https:\/\/endopraxis-triantafyllidou.gr\/diabetologie\/"},"modified":"2025-12-01T09:22:49","modified_gmt":"2025-12-01T09:22:49","slug":"diabetologie","status":"publish","type":"page","link":"https:\/\/endopraxis-triantafyllidou.gr\/de\/diabetologie\/","title":{"rendered":"DIABETOLOGIE"},"content":{"rendered":"\t\t<div data-elementor-type=\"wp-page\" data-elementor-id=\"782\" class=\"elementor elementor-782 elementor-12\" data-elementor-post-type=\"page\">\n\t\t\t\t<div class=\"elementor-element elementor-element-3a89f80 e-flex e-con-boxed e-con e-parent\" data-id=\"3a89f80\" data-element_type=\"container\" data-settings=\"{&quot;background_background&quot;:&quot;classic&quot;,&quot;content_width&quot;:&quot;boxed&quot;}\" data-core-v316-plus=\"true\">\n\t\t\t\t\t<div class=\"e-con-inner\">\n\t\t<div class=\"elementor-element elementor-element-e8cec77 e-con-full e-flex e-con e-child\" data-id=\"e8cec77\" data-element_type=\"container\" data-settings=\"{&quot;content_width&quot;:&quot;full&quot;}\">\n\t\t\t\t<div class=\"elementor-element elementor-element-f313776 elementor-absolute e-transform elementor-align-center elementor-widget elementor-widget-global elementor-global-127 elementor-widget-lottie\" data-id=\"f313776\" data-element_type=\"widget\" data-settings=\"{&quot;source_json&quot;:{&quot;url&quot;:&quot;https:\\\/\\\/endopraxis-triantafyllidou.gr\\\/wp-content\\\/uploads\\\/2024\\\/02\\\/LZN3rtnde9.json&quot;,&quot;id&quot;:96,&quot;size&quot;:&quot;&quot;,&quot;alt&quot;:&quot;&quot;,&quot;source&quot;:&quot;library&quot;},&quot;loop&quot;:&quot;yes&quot;,&quot;_position&quot;:&quot;absolute&quot;,&quot;_transform_scale_effect&quot;:{&quot;unit&quot;:&quot;px&quot;,&quot;size&quot;:5.5,&quot;sizes&quot;:[]},&quot;_transform_scale_effect_mobile&quot;:{&quot;unit&quot;:&quot;px&quot;,&quot;size&quot;:2,&quot;sizes&quot;:[]},&quot;_transform_scale_effect_tablet&quot;:{&quot;unit&quot;:&quot;px&quot;,&quot;size&quot;:4,&quot;sizes&quot;:[]},&quot;source&quot;:&quot;media_file&quot;,&quot;caption_source&quot;:&quot;none&quot;,&quot;link_to&quot;:&quot;none&quot;,&quot;trigger&quot;:&quot;arriving_to_viewport&quot;,&quot;viewport&quot;:{&quot;unit&quot;:&quot;%&quot;,&quot;size&quot;:&quot;&quot;,&quot;sizes&quot;:{&quot;start&quot;:0,&quot;end&quot;:100}},&quot;play_speed&quot;:{&quot;unit&quot;:&quot;px&quot;,&quot;size&quot;:1,&quot;sizes&quot;:[]},&quot;start_point&quot;:{&quot;unit&quot;:&quot;%&quot;,&quot;size&quot;:0,&quot;sizes&quot;:[]},&quot;end_point&quot;:{&quot;unit&quot;:&quot;%&quot;,&quot;size&quot;:100,&quot;sizes&quot;:[]},&quot;renderer&quot;:&quot;svg&quot;}\" data-widget_type=\"lottie.default\">\n\t\t\t\t<div class=\"elementor-widget-container\">\n\t\t\t<div class=\"e-lottie__container\"><div class=\"e-lottie__animation\"><\/div><\/div>\t\t<\/div>\n\t\t\t\t<\/div>\n\t\t\t\t<div class=\"elementor-element elementor-element-6a3b1d2 animated-slow bgtrans elementor-invisible elementor-widget elementor-widget-heading\" data-id=\"6a3b1d2\" data-element_type=\"widget\" data-settings=\"{&quot;_animation&quot;:&quot;fadeIn&quot;,&quot;_animation_delay&quot;:1000}\" data-widget_type=\"heading.default\">\n\t\t\t\t<div class=\"elementor-widget-container\">\n\t\t\t<h1 class=\"elementor-heading-title elementor-size-default\">DIABETOLOGIE <\/h1>\t\t<\/div>\n\t\t\t\t<\/div>\n\t\t\t\t<div class=\"elementor-element elementor-element-f0c8f71 textWordReveal bgtrans animated-slow elementor-invisible elementor-widget elementor-widget-heading\" data-id=\"f0c8f71\" data-element_type=\"widget\" data-settings=\"{&quot;_animation&quot;:&quot;fadeIn&quot;,&quot;_animation_delay&quot;:2000}\" data-widget_type=\"heading.default\">\n\t\t\t\t<div class=\"elementor-widget-container\">\n\t\t\t<h2 class=\"elementor-heading-title elementor-size-default\">Moderne therapeutische L\u00f6sungen f\u00fcr die Diabetes-Behandlung <\/h2>\t\t<\/div>\n\t\t\t\t<\/div>\n\t\t\t\t<div class=\"elementor-element elementor-element-6a9915e animated-slow elementor-invisible elementor-widget elementor-widget-text-editor\" data-id=\"6a9915e\" data-element_type=\"widget\" data-settings=\"{&quot;_animation&quot;:&quot;fadeIn&quot;}\" data-widget_type=\"text-editor.default\">\n\t\t\t\t<div class=\"elementor-widget-container\">\n\t\t\t\t\t\t\t<p><b> <\/b><\/p>\n\t\t\t\t\t\t<\/div>\n\t\t\t\t<\/div>\n\t\t\t\t<\/div>\n\t\t<div class=\"elementor-element elementor-element-dcc2668 e-con-full e-flex e-con e-child\" data-id=\"dcc2668\" data-element_type=\"container\" data-settings=\"{&quot;content_width&quot;:&quot;full&quot;}\">\n\t\t\t\t<div class=\"elementor-element elementor-element-e6d002a elementor-widget elementor-widget-image\" data-id=\"e6d002a\" data-element_type=\"widget\" data-widget_type=\"image.default\">\n\t\t\t\t<div class=\"elementor-widget-container\">\n\t\t\t\t\t\t\t\t\t\t\t\t\t<img fetchpriority=\"high\" decoding=\"async\" width=\"800\" height=\"533\" src=\"https:\/\/endopraxis-triantafyllidou.gr\/wp-content\/uploads\/2024\/02\/Depositphotos_661279008_XL-1024x682.jpg\" class=\"attachment-large size-large wp-image-783\" alt=\"\" srcset=\"https:\/\/endopraxis-triantafyllidou.gr\/wp-content\/uploads\/2024\/02\/Depositphotos_661279008_XL-1024x682.jpg 1024w, https:\/\/endopraxis-triantafyllidou.gr\/wp-content\/uploads\/2024\/02\/Depositphotos_661279008_XL-300x200.jpg 300w, https:\/\/endopraxis-triantafyllidou.gr\/wp-content\/uploads\/2024\/02\/Depositphotos_661279008_XL-768x511.jpg 768w, https:\/\/endopraxis-triantafyllidou.gr\/wp-content\/uploads\/2024\/02\/Depositphotos_661279008_XL.jpg 1113w\" sizes=\"(max-width: 800px) 100vw, 800px\" \/>\t\t\t\t\t\t\t\t\t\t\t\t\t<\/div>\n\t\t\t\t<\/div>\n\t\t\t\t<\/div>\n\t\t\t\t\t<\/div>\n\t\t\t\t<\/div>\n\t\t<div class=\"elementor-element elementor-element-a606b90 e-flex e-con-boxed e-con e-parent\" data-id=\"a606b90\" data-element_type=\"container\" data-settings=\"{&quot;content_width&quot;:&quot;boxed&quot;}\" data-core-v316-plus=\"true\">\n\t\t\t\t\t<div class=\"e-con-inner\">\n\t\t<div class=\"elementor-element elementor-element-d539f2d e-con-full e-flex e-con e-child\" data-id=\"d539f2d\" data-element_type=\"container\" data-settings=\"{&quot;content_width&quot;:&quot;full&quot;,&quot;background_background&quot;:&quot;classic&quot;}\">\n\t\t\t\t<div class=\"elementor-element elementor-element-40c440e animated-slow elementor-invisible elementor-widget elementor-widget-text-editor\" data-id=\"40c440e\" data-element_type=\"widget\" data-settings=\"{&quot;_animation&quot;:&quot;fadeIn&quot;}\" data-widget_type=\"text-editor.default\">\n\t\t\t\t<div class=\"elementor-widget-container\">\n\t\t\t\t\t\t\t<p><strong>Diabetologie <\/strong>ist die medizinische Spezialit\u00e4t, welche Diabetes mellitus untersucht. <strong>Diabetes mellitus <\/strong>ist eine Stoffwechselst\u00f6rung, welche zu einer Blutzuckererh\u00f6hung f\u00fchrt, entweder wegen fehlender Insulinproduktion (Diabetes mellitus Typ 1) oder wegen erh\u00f6hter Resistenz aller K\u00f6rpergewebe gegen eigenem Insulin(Diabetes mellitus Typ 2) oder im Rahmen der Schwangerschaft (Gestationsdiabetes)<\/p>\n\t\t\t\t\t\t<\/div>\n\t\t\t\t<\/div>\n\t\t\t\t<\/div>\n\t\t<div class=\"elementor-element elementor-element-2b55e59 e-con-full e-flex e-con e-child\" data-id=\"2b55e59\" data-element_type=\"container\" data-settings=\"{&quot;content_width&quot;:&quot;full&quot;}\">\n\t\t\t\t<div class=\"elementor-element elementor-element-3c26d4a elementor-widget elementor-widget-image\" data-id=\"3c26d4a\" data-element_type=\"widget\" data-widget_type=\"image.default\">\n\t\t\t\t<div class=\"elementor-widget-container\">\n\t\t\t\t\t\t\t\t\t\t\t\t\t<img decoding=\"async\" width=\"800\" height=\"600\" src=\"https:\/\/endopraxis-triantafyllidou.gr\/wp-content\/uploads\/2024\/02\/Depositphotos_638697532_XL-1024x768.jpg\" class=\"attachment-large size-large wp-image-784\" alt=\"\" srcset=\"https:\/\/endopraxis-triantafyllidou.gr\/wp-content\/uploads\/2024\/02\/Depositphotos_638697532_XL-1024x768.jpg 1024w, https:\/\/endopraxis-triantafyllidou.gr\/wp-content\/uploads\/2024\/02\/Depositphotos_638697532_XL-300x225.jpg 300w, https:\/\/endopraxis-triantafyllidou.gr\/wp-content\/uploads\/2024\/02\/Depositphotos_638697532_XL-768x576.jpg 768w, https:\/\/endopraxis-triantafyllidou.gr\/wp-content\/uploads\/2024\/02\/Depositphotos_638697532_XL.jpg 1087w\" sizes=\"(max-width: 800px) 100vw, 800px\" \/>\t\t\t\t\t\t\t\t\t\t\t\t\t<\/div>\n\t\t\t\t<\/div>\n\t\t\t\t<\/div>\n\t\t\t\t\t<\/div>\n\t\t\t\t<\/div>\n\t\t<div class=\"elementor-element elementor-element-279d189 e-flex e-con-boxed e-con e-parent\" data-id=\"279d189\" data-element_type=\"container\" data-settings=\"{&quot;background_background&quot;:&quot;classic&quot;,&quot;content_width&quot;:&quot;boxed&quot;}\" data-core-v316-plus=\"true\">\n\t\t\t\t\t<div class=\"e-con-inner\">\n\t\t\t\t<div class=\"elementor-element elementor-element-a3795ce bgtrans elementor-widget elementor-widget-text-editor\" data-id=\"a3795ce\" data-element_type=\"widget\" data-widget_type=\"text-editor.default\">\n\t\t\t\t<div class=\"elementor-widget-container\">\n\t\t\t\t\t\t\t<p>Diabetes mellitus insbesondere ist eine Krankheit mit stetig steigenden F\u00e4llen, sowohl f\u00fcr<strong> Typ<\/strong> <strong>2<\/strong> Diabetes mellitus, im Rahmen vom metabolischen Syndrom, deren Pr\u00e4valenz in Griechenland auf 12.9% gesch\u00e4tzt wird, als auch f\u00fcr <strong>Diabetes mellitus Typ 1<\/strong>, welcher ebenso eine steigende Pr\u00e4valenz in den letzten Jahren zeigt. <\/p>\n<p><strong>Diabetologin<\/strong><strong> Mary Triantafyllidou<\/strong>, in ihrer Praxis <strong>endopraxis<\/strong>, steht, durch genaue Untersuchung vom jeden Fall, korrekte Diagnose und personalisierte Therapie mit m\u00f6glichst aktuellsten pharmakologischen L\u00f6sungen, neben dem Patienten bei jedem Schritt f\u00fcr die optimale Einstellung seiner\/ihrer Blutzuckerwerten.<\/p>\n<p>Sie unterst\u00fctzt bei der Benutzung und Anwendung der modernen Ger\u00e4te f\u00fcr die Messung der Blutzuckerwerte und die kontinuierliche Insulingabe via Insulinpumpen\/hybrid closed loop Insulinsysteme.<\/p>\n\t\t\t\t\t\t<\/div>\n\t\t\t\t<\/div>\n\t\t\t\t\t<\/div>\n\t\t\t\t<\/div>\n\t\t<div class=\"elementor-element elementor-element-df53716 e-flex e-con-boxed e-con e-parent\" data-id=\"df53716\" data-element_type=\"container\" data-settings=\"{&quot;background_background&quot;:&quot;classic&quot;,&quot;content_width&quot;:&quot;boxed&quot;}\" data-core-v316-plus=\"true\">\n\t\t\t\t\t<div class=\"e-con-inner\">\n\t\t<div class=\"elementor-element elementor-element-444db33 e-con-full e-flex e-con e-child\" data-id=\"444db33\" data-element_type=\"container\" data-settings=\"{&quot;content_width&quot;:&quot;full&quot;}\">\n\t\t\t\t<div class=\"elementor-element elementor-element-20b386a elementor-flip-box--effect-flip elementor-flip-box--direction-up elementor-widget elementor-widget-flip-box\" data-id=\"20b386a\" data-element_type=\"widget\" data-widget_type=\"flip-box.default\">\n\t\t\t\t<div class=\"elementor-widget-container\">\n\t\t\t\t\t<div class=\"elementor-flip-box\" tabindex=\"0\">\n\t\t\t<div class=\"elementor-flip-box__layer elementor-flip-box__front\">\n\t\t\t\t<div class=\"elementor-flip-box__layer__overlay\">\n\t\t\t\t\t<div class=\"elementor-flip-box__layer__inner\">\n\t\t\t\t\t\t\t\t\t\t\t\t\t<div class=\"elementor-icon-wrapper elementor-view-default\">\n\t\t\t\t\t\t\t\t<div class=\"elementor-icon\">\n\t\t\t\t\t\t\t\t\t<svg xmlns=\"http:\/\/www.w3.org\/2000\/svg\" id=\"Layer_1\" data-name=\"Layer 1\" viewBox=\"0 0 127 127\"><path class=\"plus-icon\" d=\"m126.5,63h-62.5V.5c0-.28-.22-.5-.5-.5s-.5.22-.5.5v62.5H.5c-.28,0-.5.22-.5.5s.22.5.5.5h62.5v62.5c0,.27.22.5.5.5s.5-.23.5-.5v-62.5h62.5c.28,0,.5-.23.5-.5s-.22-.5-.5-.5Z\"><\/path><\/svg>\t\t\t\t\t\t\t\t<\/div>\n\t\t\t\t\t\t\t<\/div>\n\t\t\t\t\t\t\n\t\t\t\t\t\t\t\t\t\t\t\t\t<h3 class=\"elementor-flip-box__layer__title\">\n\t\t\t\t\t\t\t\tENDOKRINOLOGIE \t\t\t\t\t\t\t<\/h3>\n\t\t\t\t\t\t\n\t\t\t\t\t\t\t\t\t\t\t<\/div>\n\t\t\t\t<\/div>\n\t\t\t<\/div>\n\t\t\t<div class=\"elementor-flip-box__layer elementor-flip-box__back\">\n\t\t\t<div class=\"elementor-flip-box__layer__overlay\">\n\t\t\t\t<div class=\"elementor-flip-box__layer__inner\">\n\t\t\t\t\t\n\t\t\t\t\t\n\t\t\t\t\t\t\t\t\t\t\t<a class=\"elementor-flip-box__button elementor-button elementor-size-sm\" href=\"https:\/\/endopraxis-triantafyllidou.gr\/de\/endokrinologie\/\">\n\t\t\t\t\t\t\t+\t\t\t\t\t\t<\/a>\n\t\t\t\t\t\t\t\t<\/div>\n\t\t<\/div>\n\t\t<\/div>\n\t\t<\/div>\n\t\t\t\t<\/div>\n\t\t\t\t<\/div>\n\t\t\t\t<\/div>\n\t\t<div class=\"elementor-element elementor-element-8e14a26 e-con-full e-flex e-con e-child\" data-id=\"8e14a26\" data-element_type=\"container\" data-settings=\"{&quot;content_width&quot;:&quot;full&quot;}\">\n\t\t\t\t<div class=\"elementor-element elementor-element-fb8998c elementor-flip-box--effect-flip elementor-flip-box--direction-up elementor-widget elementor-widget-flip-box\" data-id=\"fb8998c\" data-element_type=\"widget\" data-widget_type=\"flip-box.default\">\n\t\t\t\t<div class=\"elementor-widget-container\">\n\t\t\t\t\t<div class=\"elementor-flip-box\" tabindex=\"0\">\n\t\t\t<div class=\"elementor-flip-box__layer elementor-flip-box__front\">\n\t\t\t\t<div class=\"elementor-flip-box__layer__overlay\">\n\t\t\t\t\t<div class=\"elementor-flip-box__layer__inner\">\n\t\t\t\t\t\t\t\t\t\t\t\t\t<div class=\"elementor-icon-wrapper elementor-view-default\">\n\t\t\t\t\t\t\t\t<div class=\"elementor-icon\">\n\t\t\t\t\t\t\t\t\t<svg xmlns=\"http:\/\/www.w3.org\/2000\/svg\" id=\"Layer_2\" data-name=\"Layer 2\" viewBox=\"0 0 127 127\"><path class=\"plus-icon\" d=\"m126.5,63h-62.5V.5c0-.28-.22-.5-.5-.5s-.5.22-.5.5v62.5H.5c-.28,0-.5.22-.5.5s.22.5.5.5h62.5v62.5c0,.27.22.5.5.5s.5-.23.5-.5v-62.5h62.5c.28,0,.5-.23.5-.5s-.22-.5-.5-.5Z\"><\/path><\/svg>\t\t\t\t\t\t\t\t<\/div>\n\t\t\t\t\t\t\t<\/div>\n\t\t\t\t\t\t\n\t\t\t\t\t\t\t\t\t\t\t\t\t<h3 class=\"elementor-flip-box__layer__title\">\n\t\t\t\t\t\t\t\tSTOFFWECHSEL\t\t\t\t\t\t\t<\/h3>\n\t\t\t\t\t\t\n\t\t\t\t\t\t\t\t\t\t\t<\/div>\n\t\t\t\t<\/div>\n\t\t\t<\/div>\n\t\t\t<div class=\"elementor-flip-box__layer elementor-flip-box__back\">\n\t\t\t<div class=\"elementor-flip-box__layer__overlay\">\n\t\t\t\t<div class=\"elementor-flip-box__layer__inner\">\n\t\t\t\t\t\n\t\t\t\t\t\n\t\t\t\t\t\t\t\t\t\t\t<a class=\"elementor-flip-box__button elementor-button elementor-size-sm\" href=\"https:\/\/endopraxis-triantafyllidou.gr\/de\/stoffwechsel\/\">\n\t\t\t\t\t\t\t+\t\t\t\t\t\t<\/a>\n\t\t\t\t\t\t\t\t<\/div>\n\t\t<\/div>\n\t\t<\/div>\n\t\t<\/div>\n\t\t\t\t<\/div>\n\t\t\t\t<\/div>\n\t\t\t\t<\/div>\n\t\t\t\t\t<\/div>\n\t\t\t\t<\/div>\n\t\t\t\t<\/div>\n\t\t","protected":false},"excerpt":{"rendered":"<p>DIABETOLOGIE Moderne therapeutische L\u00f6sungen f\u00fcr die Diabetes-Behandlung Diabetologie ist die medizinische Spezialit\u00e4t, welche Diabetes mellitus untersucht. Diabetes mellitus ist eine Stoffwechselst\u00f6rung, welche zu einer Blutzuckererh\u00f6hung f\u00fchrt, entweder wegen fehlender Insulinproduktion (Diabetes mellitus Typ 1) oder wegen erh\u00f6hter Resistenz aller K\u00f6rpergewebe gegen eigenem Insulin(Diabetes mellitus Typ 2) oder im Rahmen der Schwangerschaft (Gestationsdiabetes) Diabetes mellitus insbesondere [&hellip;]<\/p>\n","protected":false},"author":1,"featured_media":0,"parent":0,"menu_order":0,"comment_status":"closed","ping_status":"closed","template":"","meta":{"footnotes":""},"yoast_head":"<!-- This site is optimized with the Yoast SEO plugin v22.2 - https:\/\/yoast.com\/wordpress\/plugins\/seo\/ -->\n<title>Diabetologie | endopraxis<\/title>\n<meta name=\"description\" content=\"Diabetologin Mary Triantafyllidou in ihrer Praxis endopraxis, in Kavala, ist speziell ausgebildet f\u00fcr die Behandlung aller Diabetologie- Themen\" \/>\n<meta name=\"robots\" content=\"index, follow, max-snippet:-1, max-image-preview:large, max-video-preview:-1\" \/>\n<link rel=\"canonical\" href=\"https:\/\/endopraxis-triantafyllidou.gr\/de\/diabetologie\/\" \/>\n<meta property=\"og:locale\" content=\"de_DE\" \/>\n<meta property=\"og:type\" content=\"article\" \/>\n<meta property=\"og:title\" content=\"Diabetologie | endopraxis\" \/>\n<meta property=\"og:description\" content=\"Diabetologin Mary Triantafyllidou in ihrer Praxis endopraxis, in Kavala, ist speziell ausgebildet f\u00fcr die Behandlung aller Diabetologie- Themen\" \/>\n<meta property=\"og:url\" content=\"https:\/\/endopraxis-triantafyllidou.gr\/de\/diabetologie\/\" \/>\n<meta property=\"og:site_name\" content=\"Endopraxis\" \/>\n<meta property=\"article:modified_time\" content=\"2025-12-01T09:22:49+00:00\" \/>\n<meta property=\"og:image\" content=\"https:\/\/endopraxis-triantafyllidou.gr\/wp-content\/uploads\/2024\/02\/Depositphotos_661279008_XL-1024x682.jpg\" \/>\n<meta name=\"twitter:card\" content=\"summary_large_image\" \/>\n<meta name=\"twitter:label1\" content=\"Est. reading time\" \/>\n\t<meta name=\"twitter:data1\" content=\"2 minutes\" \/>\n<script type=\"application\/ld+json\" class=\"yoast-schema-graph\">{\"@context\":\"https:\/\/schema.org\",\"@graph\":[{\"@type\":\"WebPage\",\"@id\":\"https:\/\/endopraxis-triantafyllidou.gr\/de\/diabetologie\/\",\"url\":\"https:\/\/endopraxis-triantafyllidou.gr\/de\/diabetologie\/\",\"name\":\"Diabetologie | endopraxis\",\"isPartOf\":{\"@id\":\"https:\/\/endopraxis-triantafyllidou.gr\/de\/#website\"},\"primaryImageOfPage\":{\"@id\":\"https:\/\/endopraxis-triantafyllidou.gr\/de\/diabetologie\/#primaryimage\"},\"image\":{\"@id\":\"https:\/\/endopraxis-triantafyllidou.gr\/de\/diabetologie\/#primaryimage\"},\"thumbnailUrl\":\"https:\/\/endopraxis-triantafyllidou.gr\/wp-content\/uploads\/2024\/02\/Depositphotos_661279008_XL-1024x682.jpg\",\"datePublished\":\"2024-02-06T08:19:07+00:00\",\"dateModified\":\"2025-12-01T09:22:49+00:00\",\"description\":\"Diabetologin Mary Triantafyllidou in ihrer Praxis endopraxis, in Kavala, ist speziell ausgebildet f\u00fcr die Behandlung aller Diabetologie- Themen\",\"breadcrumb\":{\"@id\":\"https:\/\/endopraxis-triantafyllidou.gr\/de\/diabetologie\/#breadcrumb\"},\"inLanguage\":\"de-DE\",\"potentialAction\":[{\"@type\":\"ReadAction\",\"target\":[\"https:\/\/endopraxis-triantafyllidou.gr\/de\/diabetologie\/\"]}]},{\"@type\":\"ImageObject\",\"inLanguage\":\"de-DE\",\"@id\":\"https:\/\/endopraxis-triantafyllidou.gr\/de\/diabetologie\/#primaryimage\",\"url\":\"https:\/\/endopraxis-triantafyllidou.gr\/wp-content\/uploads\/2024\/02\/Depositphotos_661279008_XL.jpg\",\"contentUrl\":\"https:\/\/endopraxis-triantafyllidou.gr\/wp-content\/uploads\/2024\/02\/Depositphotos_661279008_XL.jpg\",\"width\":1113,\"height\":741,\"caption\":\"endopraxis\"},{\"@type\":\"BreadcrumbList\",\"@id\":\"https:\/\/endopraxis-triantafyllidou.gr\/de\/diabetologie\/#breadcrumb\",\"itemListElement\":[{\"@type\":\"ListItem\",\"position\":1,\"name\":\"\u0391\u03c1\u03c7\u03b9\u03ba\u03ae\",\"item\":\"https:\/\/endopraxis-triantafyllidou.gr\/de\/\"},{\"@type\":\"ListItem\",\"position\":2,\"name\":\"DIABETOLOGIE\"}]},{\"@type\":\"WebSite\",\"@id\":\"https:\/\/endopraxis-triantafyllidou.gr\/de\/#website\",\"url\":\"https:\/\/endopraxis-triantafyllidou.gr\/de\/\",\"name\":\"Endopraxis\",\"description\":\"\",\"publisher\":{\"@id\":\"https:\/\/endopraxis-triantafyllidou.gr\/de\/#organization\"},\"potentialAction\":[{\"@type\":\"SearchAction\",\"target\":{\"@type\":\"EntryPoint\",\"urlTemplate\":\"https:\/\/endopraxis-triantafyllidou.gr\/de\/?s={search_term_string}\"},\"query-input\":\"required name=search_term_string\"}],\"inLanguage\":\"de-DE\"},{\"@type\":\"Organization\",\"@id\":\"https:\/\/endopraxis-triantafyllidou.gr\/de\/#organization\",\"name\":\"Endopraxis\",\"url\":\"https:\/\/endopraxis-triantafyllidou.gr\/de\/\",\"logo\":{\"@type\":\"ImageObject\",\"inLanguage\":\"de-DE\",\"@id\":\"https:\/\/endopraxis-triantafyllidou.gr\/de\/#\/schema\/logo\/image\/\",\"url\":\"https:\/\/endopraxis-triantafyllidou.gr\/wp-content\/uploads\/2024\/02\/\u039b\u039f\u0393\u039f\u03a4\u03a5\u03a0\u039f-2.jpg\",\"contentUrl\":\"https:\/\/endopraxis-triantafyllidou.gr\/wp-content\/uploads\/2024\/02\/\u039b\u039f\u0393\u039f\u03a4\u03a5\u03a0\u039f-2.jpg\",\"width\":149,\"height\":115,\"caption\":\"Endopraxis\"},\"image\":{\"@id\":\"https:\/\/endopraxis-triantafyllidou.gr\/de\/#\/schema\/logo\/image\/\"}}]}<\/script>\n<!-- \/ Yoast SEO plugin. -->","yoast_head_json":{"title":"Diabetologie | endopraxis","description":"Diabetologin Mary Triantafyllidou in ihrer Praxis endopraxis, in Kavala, ist speziell ausgebildet f\u00fcr die Behandlung aller Diabetologie- Themen","robots":{"index":"index","follow":"follow","max-snippet":"max-snippet:-1","max-image-preview":"max-image-preview:large","max-video-preview":"max-video-preview:-1"},"canonical":"https:\/\/endopraxis-triantafyllidou.gr\/de\/diabetologie\/","og_locale":"de_DE","og_type":"article","og_title":"Diabetologie | endopraxis","og_description":"Diabetologin Mary Triantafyllidou in ihrer Praxis endopraxis, in Kavala, ist speziell ausgebildet f\u00fcr die Behandlung aller Diabetologie- Themen","og_url":"https:\/\/endopraxis-triantafyllidou.gr\/de\/diabetologie\/","og_site_name":"Endopraxis","article_modified_time":"2025-12-01T09:22:49+00:00","og_image":[{"url":"https:\/\/endopraxis-triantafyllidou.gr\/wp-content\/uploads\/2024\/02\/Depositphotos_661279008_XL-1024x682.jpg"}],"twitter_card":"summary_large_image","twitter_misc":{"Est. reading time":"2 minutes"},"schema":{"@context":"https:\/\/schema.org","@graph":[{"@type":"WebPage","@id":"https:\/\/endopraxis-triantafyllidou.gr\/de\/diabetologie\/","url":"https:\/\/endopraxis-triantafyllidou.gr\/de\/diabetologie\/","name":"Diabetologie | endopraxis","isPartOf":{"@id":"https:\/\/endopraxis-triantafyllidou.gr\/de\/#website"},"primaryImageOfPage":{"@id":"https:\/\/endopraxis-triantafyllidou.gr\/de\/diabetologie\/#primaryimage"},"image":{"@id":"https:\/\/endopraxis-triantafyllidou.gr\/de\/diabetologie\/#primaryimage"},"thumbnailUrl":"https:\/\/endopraxis-triantafyllidou.gr\/wp-content\/uploads\/2024\/02\/Depositphotos_661279008_XL-1024x682.jpg","datePublished":"2024-02-06T08:19:07+00:00","dateModified":"2025-12-01T09:22:49+00:00","description":"Diabetologin Mary Triantafyllidou in ihrer Praxis endopraxis, in Kavala, ist speziell ausgebildet f\u00fcr die Behandlung aller Diabetologie- Themen","breadcrumb":{"@id":"https:\/\/endopraxis-triantafyllidou.gr\/de\/diabetologie\/#breadcrumb"},"inLanguage":"de-DE","potentialAction":[{"@type":"ReadAction","target":["https:\/\/endopraxis-triantafyllidou.gr\/de\/diabetologie\/"]}]},{"@type":"ImageObject","inLanguage":"de-DE","@id":"https:\/\/endopraxis-triantafyllidou.gr\/de\/diabetologie\/#primaryimage","url":"https:\/\/endopraxis-triantafyllidou.gr\/wp-content\/uploads\/2024\/02\/Depositphotos_661279008_XL.jpg","contentUrl":"https:\/\/endopraxis-triantafyllidou.gr\/wp-content\/uploads\/2024\/02\/Depositphotos_661279008_XL.jpg","width":1113,"height":741,"caption":"endopraxis"},{"@type":"BreadcrumbList","@id":"https:\/\/endopraxis-triantafyllidou.gr\/de\/diabetologie\/#breadcrumb","itemListElement":[{"@type":"ListItem","position":1,"name":"\u0391\u03c1\u03c7\u03b9\u03ba\u03ae","item":"https:\/\/endopraxis-triantafyllidou.gr\/de\/"},{"@type":"ListItem","position":2,"name":"DIABETOLOGIE"}]},{"@type":"WebSite","@id":"https:\/\/endopraxis-triantafyllidou.gr\/de\/#website","url":"https:\/\/endopraxis-triantafyllidou.gr\/de\/","name":"Endopraxis","description":"","publisher":{"@id":"https:\/\/endopraxis-triantafyllidou.gr\/de\/#organization"},"potentialAction":[{"@type":"SearchAction","target":{"@type":"EntryPoint","urlTemplate":"https:\/\/endopraxis-triantafyllidou.gr\/de\/?s={search_term_string}"},"query-input":"required name=search_term_string"}],"inLanguage":"de-DE"},{"@type":"Organization","@id":"https:\/\/endopraxis-triantafyllidou.gr\/de\/#organization","name":"Endopraxis","url":"https:\/\/endopraxis-triantafyllidou.gr\/de\/","logo":{"@type":"ImageObject","inLanguage":"de-DE","@id":"https:\/\/endopraxis-triantafyllidou.gr\/de\/#\/schema\/logo\/image\/","url":"https:\/\/endopraxis-triantafyllidou.gr\/wp-content\/uploads\/2024\/02\/\u039b\u039f\u0393\u039f\u03a4\u03a5\u03a0\u039f-2.jpg","contentUrl":"https:\/\/endopraxis-triantafyllidou.gr\/wp-content\/uploads\/2024\/02\/\u039b\u039f\u0393\u039f\u03a4\u03a5\u03a0\u039f-2.jpg","width":149,"height":115,"caption":"Endopraxis"},"image":{"@id":"https:\/\/endopraxis-triantafyllidou.gr\/de\/#\/schema\/logo\/image\/"}}]}},"_links":{"self":[{"href":"https:\/\/endopraxis-triantafyllidou.gr\/de\/wp-json\/wp\/v2\/pages\/782"}],"collection":[{"href":"https:\/\/endopraxis-triantafyllidou.gr\/de\/wp-json\/wp\/v2\/pages"}],"about":[{"href":"https:\/\/endopraxis-triantafyllidou.gr\/de\/wp-json\/wp\/v2\/types\/page"}],"author":[{"embeddable":true,"href":"https:\/\/endopraxis-triantafyllidou.gr\/de\/wp-json\/wp\/v2\/users\/1"}],"replies":[{"embeddable":true,"href":"https:\/\/endopraxis-triantafyllidou.gr\/de\/wp-json\/wp\/v2\/comments?post=782"}],"version-history":[{"count":3,"href":"https:\/\/endopraxis-triantafyllidou.gr\/de\/wp-json\/wp\/v2\/pages\/782\/revisions"}],"predecessor-version":[{"id":912,"href":"https:\/\/endopraxis-triantafyllidou.gr\/de\/wp-json\/wp\/v2\/pages\/782\/revisions\/912"}],"wp:attachment":[{"href":"https:\/\/endopraxis-triantafyllidou.gr\/de\/wp-json\/wp\/v2\/media?parent=782"}],"curies":[{"name":"wp","href":"https:\/\/api.w.org\/{rel}","templated":true}]}}