{"id":960,"date":"2025-12-04T07:44:53","date_gmt":"2025-12-04T07:44:53","guid":{"rendered":"https:\/\/endopraxis-triantafyllidou.gr\/espa-2021-2027\/"},"modified":"2025-12-04T08:08:42","modified_gmt":"2025-12-04T08:08:42","slug":"espa-2021-2027","status":"publish","type":"page","link":"https:\/\/endopraxis-triantafyllidou.gr\/de\/espa-2021-2027\/","title":{"rendered":"ESPA 2021-2027"},"content":{"rendered":"\t\t<div data-elementor-type=\"wp-page\" data-elementor-id=\"960\" class=\"elementor elementor-960 elementor-936\" data-elementor-post-type=\"page\">\n\t\t\t\t<div class=\"elementor-element elementor-element-b80faae e-flex e-con-boxed e-con e-parent\" data-id=\"b80faae\" data-element_type=\"container\" data-settings=\"{&quot;content_width&quot;:&quot;boxed&quot;}\" data-core-v316-plus=\"true\">\n\t\t\t\t\t<div class=\"e-con-inner\">\n\t\t\t\t<div class=\"elementor-element elementor-element-4e28fe3 elementor-widget elementor-widget-text-editor\" data-id=\"4e28fe3\" data-element_type=\"widget\" data-widget_type=\"text-editor.default\">\n\t\t\t\t<div class=\"elementor-widget-container\">\n\t\t\t\t\t\t\t<p>Das Unternehmen wurde durch die Ma\u00dfnahme \u201eF\u00f6rderung der Gr\u00fcndung und des Betriebs neuer kleiner und mittlerer Unternehmen\u201d des Programms Wettbewerbsf\u00e4higkeit (ESPA 2021-2027) finanziert. Die Ma\u00dfnahme zielt darauf ab, Investitionsvorhaben von in Gr\u00fcndung befindlichen und neu gegr\u00fcndeten KMU zu unterst\u00fctzen, die eigene Mittel in die von ihnen beabsichtigte T\u00e4tigkeit investieren und neue Arbeitspl\u00e4tze schaffen werden.<\/p>\n\t\t\t\t\t\t<\/div>\n\t\t\t\t<\/div>\n\t\t\t\t\t<\/div>\n\t\t\t\t<\/div>\n\t\t<div class=\"elementor-element elementor-element-99d72d4 e-flex e-con-boxed e-con e-parent\" data-id=\"99d72d4\" data-element_type=\"container\" data-settings=\"{&quot;content_width&quot;:&quot;boxed&quot;}\" data-core-v316-plus=\"true\">\n\t\t\t\t\t<div class=\"e-con-inner\">\n\t\t\t\t<div class=\"elementor-element elementor-element-b84f841 elementor-widget elementor-widget-image\" data-id=\"b84f841\" data-element_type=\"widget\" data-widget_type=\"image.default\">\n\t\t\t\t<div class=\"elementor-widget-container\">\n\t\t\t\t\t\t\t\t\t\t\t\t\t<img fetchpriority=\"high\" decoding=\"async\" width=\"768\" height=\"1085\" src=\"https:\/\/endopraxis-triantafyllidou.gr\/wp-content\/uploads\/2025\/12\/poster-espa-768x1085.webp\" class=\"attachment-medium_large size-medium_large wp-image-941\" alt=\"\" srcset=\"https:\/\/endopraxis-triantafyllidou.gr\/wp-content\/uploads\/2025\/12\/poster-espa-768x1085.webp 768w, https:\/\/endopraxis-triantafyllidou.gr\/wp-content\/uploads\/2025\/12\/poster-espa-212x300.webp 212w, https:\/\/endopraxis-triantafyllidou.gr\/wp-content\/uploads\/2025\/12\/poster-espa-725x1024.webp 725w, https:\/\/endopraxis-triantafyllidou.gr\/wp-content\/uploads\/2025\/12\/poster-espa-1087x1536.webp 1087w, https:\/\/endopraxis-triantafyllidou.gr\/wp-content\/uploads\/2025\/12\/poster-espa-1450x2048.webp 1450w, https:\/\/endopraxis-triantafyllidou.gr\/wp-content\/uploads\/2025\/12\/poster-espa-scaled.webp 1812w\" sizes=\"(max-width: 768px) 100vw, 768px\" \/>\t\t\t\t\t\t\t\t\t\t\t\t\t<\/div>\n\t\t\t\t<\/div>\n\t\t\t\t\t<\/div>\n\t\t\t\t<\/div>\n\t\t\t\t<\/div>\n\t\t","protected":false},"excerpt":{"rendered":"<p>Das Unternehmen wurde durch die Ma\u00dfnahme \u201eF\u00f6rderung der Gr\u00fcndung und des Betriebs neuer kleiner und mittlerer Unternehmen\u201d des Programms Wettbewerbsf\u00e4higkeit (ESPA 2021-2027) finanziert. Die Ma\u00dfnahme zielt darauf ab, Investitionsvorhaben von in Gr\u00fcndung befindlichen und neu gegr\u00fcndeten KMU zu unterst\u00fctzen, die eigene Mittel in die von ihnen beabsichtigte T\u00e4tigkeit investieren und neue Arbeitspl\u00e4tze schaffen werden.<\/p>\n","protected":false},"author":1,"featured_media":0,"parent":0,"menu_order":0,"comment_status":"closed","ping_status":"closed","template":"","meta":{"footnotes":""},"yoast_head":"<!-- This site is optimized with the Yoast SEO plugin v22.2 - https:\/\/yoast.com\/wordpress\/plugins\/seo\/ -->\n<title>ESPA 2021-2027 | endopraxis - Mary Triantafyllidou<\/title>\n<meta name=\"robots\" content=\"index, follow, max-snippet:-1, max-image-preview:large, max-video-preview:-1\" \/>\n<link rel=\"canonical\" href=\"https:\/\/endopraxis-triantafyllidou.gr\/de\/espa-2021-2027\/\" \/>\n<meta property=\"og:locale\" content=\"de_DE\" \/>\n<meta property=\"og:type\" content=\"article\" \/>\n<meta property=\"og:title\" content=\"ESPA 2021-2027 | endopraxis - Mary Triantafyllidou\" \/>\n<meta property=\"og:description\" content=\"Das Unternehmen wurde durch die Ma\u00dfnahme \u201eF\u00f6rderung der Gr\u00fcndung und des Betriebs neuer kleiner und mittlerer Unternehmen\u201d des Programms Wettbewerbsf\u00e4higkeit (ESPA 2021-2027) finanziert. Die Ma\u00dfnahme zielt darauf ab, Investitionsvorhaben von in Gr\u00fcndung befindlichen und neu gegr\u00fcndeten KMU zu unterst\u00fctzen, die eigene Mittel in die von ihnen beabsichtigte T\u00e4tigkeit investieren und neue Arbeitspl\u00e4tze schaffen werden.\" \/>\n<meta property=\"og:url\" content=\"https:\/\/endopraxis-triantafyllidou.gr\/de\/espa-2021-2027\/\" \/>\n<meta property=\"og:site_name\" content=\"Endopraxis\" \/>\n<meta property=\"article:modified_time\" content=\"2025-12-04T08:08:42+00:00\" \/>\n<meta property=\"og:image\" content=\"https:\/\/endopraxis-triantafyllidou.gr\/wp-content\/uploads\/2025\/12\/poster-espa-768x1085.webp\" \/>\n<meta name=\"twitter:card\" content=\"summary_large_image\" \/>\n<script type=\"application\/ld+json\" class=\"yoast-schema-graph\">{\"@context\":\"https:\/\/schema.org\",\"@graph\":[{\"@type\":\"WebPage\",\"@id\":\"https:\/\/endopraxis-triantafyllidou.gr\/de\/espa-2021-2027\/\",\"url\":\"https:\/\/endopraxis-triantafyllidou.gr\/de\/espa-2021-2027\/\",\"name\":\"ESPA 2021-2027 | endopraxis - Mary Triantafyllidou\",\"isPartOf\":{\"@id\":\"https:\/\/endopraxis-triantafyllidou.gr\/de\/#website\"},\"primaryImageOfPage\":{\"@id\":\"https:\/\/endopraxis-triantafyllidou.gr\/de\/espa-2021-2027\/#primaryimage\"},\"image\":{\"@id\":\"https:\/\/endopraxis-triantafyllidou.gr\/de\/espa-2021-2027\/#primaryimage\"},\"thumbnailUrl\":\"https:\/\/endopraxis-triantafyllidou.gr\/wp-content\/uploads\/2025\/12\/poster-espa-768x1085.webp\",\"datePublished\":\"2025-12-04T07:44:53+00:00\",\"dateModified\":\"2025-12-04T08:08:42+00:00\",\"breadcrumb\":{\"@id\":\"https:\/\/endopraxis-triantafyllidou.gr\/de\/espa-2021-2027\/#breadcrumb\"},\"inLanguage\":\"de-DE\",\"potentialAction\":[{\"@type\":\"ReadAction\",\"target\":[\"https:\/\/endopraxis-triantafyllidou.gr\/de\/espa-2021-2027\/\"]}]},{\"@type\":\"ImageObject\",\"inLanguage\":\"de-DE\",\"@id\":\"https:\/\/endopraxis-triantafyllidou.gr\/de\/espa-2021-2027\/#primaryimage\",\"url\":\"https:\/\/endopraxis-triantafyllidou.gr\/wp-content\/uploads\/2025\/12\/poster-espa-scaled.webp\",\"contentUrl\":\"https:\/\/endopraxis-triantafyllidou.gr\/wp-content\/uploads\/2025\/12\/poster-espa-scaled.webp\",\"width\":1812,\"height\":2560},{\"@type\":\"BreadcrumbList\",\"@id\":\"https:\/\/endopraxis-triantafyllidou.gr\/de\/espa-2021-2027\/#breadcrumb\",\"itemListElement\":[{\"@type\":\"ListItem\",\"position\":1,\"name\":\"\u0391\u03c1\u03c7\u03b9\u03ba\u03ae\",\"item\":\"https:\/\/endopraxis-triantafyllidou.gr\/de\/\"},{\"@type\":\"ListItem\",\"position\":2,\"name\":\"ESPA 2021-2027\"}]},{\"@type\":\"WebSite\",\"@id\":\"https:\/\/endopraxis-triantafyllidou.gr\/de\/#website\",\"url\":\"https:\/\/endopraxis-triantafyllidou.gr\/de\/\",\"name\":\"Endopraxis\",\"description\":\"\",\"publisher\":{\"@id\":\"https:\/\/endopraxis-triantafyllidou.gr\/de\/#organization\"},\"potentialAction\":[{\"@type\":\"SearchAction\",\"target\":{\"@type\":\"EntryPoint\",\"urlTemplate\":\"https:\/\/endopraxis-triantafyllidou.gr\/de\/?s={search_term_string}\"},\"query-input\":\"required name=search_term_string\"}],\"inLanguage\":\"de-DE\"},{\"@type\":\"Organization\",\"@id\":\"https:\/\/endopraxis-triantafyllidou.gr\/de\/#organization\",\"name\":\"Endopraxis\",\"url\":\"https:\/\/endopraxis-triantafyllidou.gr\/de\/\",\"logo\":{\"@type\":\"ImageObject\",\"inLanguage\":\"de-DE\",\"@id\":\"https:\/\/endopraxis-triantafyllidou.gr\/de\/#\/schema\/logo\/image\/\",\"url\":\"https:\/\/endopraxis-triantafyllidou.gr\/wp-content\/uploads\/2024\/02\/\u039b\u039f\u0393\u039f\u03a4\u03a5\u03a0\u039f-2.jpg\",\"contentUrl\":\"https:\/\/endopraxis-triantafyllidou.gr\/wp-content\/uploads\/2024\/02\/\u039b\u039f\u0393\u039f\u03a4\u03a5\u03a0\u039f-2.jpg\",\"width\":149,\"height\":115,\"caption\":\"Endopraxis\"},\"image\":{\"@id\":\"https:\/\/endopraxis-triantafyllidou.gr\/de\/#\/schema\/logo\/image\/\"}}]}<\/script>\n<!-- \/ Yoast SEO plugin. -->","yoast_head_json":{"title":"ESPA 2021-2027 | endopraxis - Mary Triantafyllidou","robots":{"index":"index","follow":"follow","max-snippet":"max-snippet:-1","max-image-preview":"max-image-preview:large","max-video-preview":"max-video-preview:-1"},"canonical":"https:\/\/endopraxis-triantafyllidou.gr\/de\/espa-2021-2027\/","og_locale":"de_DE","og_type":"article","og_title":"ESPA 2021-2027 | endopraxis - Mary Triantafyllidou","og_description":"Das Unternehmen wurde durch die Ma\u00dfnahme \u201eF\u00f6rderung der Gr\u00fcndung und des Betriebs neuer kleiner und mittlerer Unternehmen\u201d des Programms Wettbewerbsf\u00e4higkeit (ESPA 2021-2027) finanziert. Die Ma\u00dfnahme zielt darauf ab, Investitionsvorhaben von in Gr\u00fcndung befindlichen und neu gegr\u00fcndeten KMU zu unterst\u00fctzen, die eigene Mittel in die von ihnen beabsichtigte T\u00e4tigkeit investieren und neue Arbeitspl\u00e4tze schaffen werden.","og_url":"https:\/\/endopraxis-triantafyllidou.gr\/de\/espa-2021-2027\/","og_site_name":"Endopraxis","article_modified_time":"2025-12-04T08:08:42+00:00","og_image":[{"url":"https:\/\/endopraxis-triantafyllidou.gr\/wp-content\/uploads\/2025\/12\/poster-espa-768x1085.webp"}],"twitter_card":"summary_large_image","schema":{"@context":"https:\/\/schema.org","@graph":[{"@type":"WebPage","@id":"https:\/\/endopraxis-triantafyllidou.gr\/de\/espa-2021-2027\/","url":"https:\/\/endopraxis-triantafyllidou.gr\/de\/espa-2021-2027\/","name":"ESPA 2021-2027 | endopraxis - Mary Triantafyllidou","isPartOf":{"@id":"https:\/\/endopraxis-triantafyllidou.gr\/de\/#website"},"primaryImageOfPage":{"@id":"https:\/\/endopraxis-triantafyllidou.gr\/de\/espa-2021-2027\/#primaryimage"},"image":{"@id":"https:\/\/endopraxis-triantafyllidou.gr\/de\/espa-2021-2027\/#primaryimage"},"thumbnailUrl":"https:\/\/endopraxis-triantafyllidou.gr\/wp-content\/uploads\/2025\/12\/poster-espa-768x1085.webp","datePublished":"2025-12-04T07:44:53+00:00","dateModified":"2025-12-04T08:08:42+00:00","breadcrumb":{"@id":"https:\/\/endopraxis-triantafyllidou.gr\/de\/espa-2021-2027\/#breadcrumb"},"inLanguage":"de-DE","potentialAction":[{"@type":"ReadAction","target":["https:\/\/endopraxis-triantafyllidou.gr\/de\/espa-2021-2027\/"]}]},{"@type":"ImageObject","inLanguage":"de-DE","@id":"https:\/\/endopraxis-triantafyllidou.gr\/de\/espa-2021-2027\/#primaryimage","url":"https:\/\/endopraxis-triantafyllidou.gr\/wp-content\/uploads\/2025\/12\/poster-espa-scaled.webp","contentUrl":"https:\/\/endopraxis-triantafyllidou.gr\/wp-content\/uploads\/2025\/12\/poster-espa-scaled.webp","width":1812,"height":2560},{"@type":"BreadcrumbList","@id":"https:\/\/endopraxis-triantafyllidou.gr\/de\/espa-2021-2027\/#breadcrumb","itemListElement":[{"@type":"ListItem","position":1,"name":"\u0391\u03c1\u03c7\u03b9\u03ba\u03ae","item":"https:\/\/endopraxis-triantafyllidou.gr\/de\/"},{"@type":"ListItem","position":2,"name":"ESPA 2021-2027"}]},{"@type":"WebSite","@id":"https:\/\/endopraxis-triantafyllidou.gr\/de\/#website","url":"https:\/\/endopraxis-triantafyllidou.gr\/de\/","name":"Endopraxis","description":"","publisher":{"@id":"https:\/\/endopraxis-triantafyllidou.gr\/de\/#organization"},"potentialAction":[{"@type":"SearchAction","target":{"@type":"EntryPoint","urlTemplate":"https:\/\/endopraxis-triantafyllidou.gr\/de\/?s={search_term_string}"},"query-input":"required name=search_term_string"}],"inLanguage":"de-DE"},{"@type":"Organization","@id":"https:\/\/endopraxis-triantafyllidou.gr\/de\/#organization","name":"Endopraxis","url":"https:\/\/endopraxis-triantafyllidou.gr\/de\/","logo":{"@type":"ImageObject","inLanguage":"de-DE","@id":"https:\/\/endopraxis-triantafyllidou.gr\/de\/#\/schema\/logo\/image\/","url":"https:\/\/endopraxis-triantafyllidou.gr\/wp-content\/uploads\/2024\/02\/\u039b\u039f\u0393\u039f\u03a4\u03a5\u03a0\u039f-2.jpg","contentUrl":"https:\/\/endopraxis-triantafyllidou.gr\/wp-content\/uploads\/2024\/02\/\u039b\u039f\u0393\u039f\u03a4\u03a5\u03a0\u039f-2.jpg","width":149,"height":115,"caption":"Endopraxis"},"image":{"@id":"https:\/\/endopraxis-triantafyllidou.gr\/de\/#\/schema\/logo\/image\/"}}]}},"_links":{"self":[{"href":"https:\/\/endopraxis-triantafyllidou.gr\/de\/wp-json\/wp\/v2\/pages\/960"}],"collection":[{"href":"https:\/\/endopraxis-triantafyllidou.gr\/de\/wp-json\/wp\/v2\/pages"}],"about":[{"href":"https:\/\/endopraxis-triantafyllidou.gr\/de\/wp-json\/wp\/v2\/types\/page"}],"author":[{"embeddable":true,"href":"https:\/\/endopraxis-triantafyllidou.gr\/de\/wp-json\/wp\/v2\/users\/1"}],"replies":[{"embeddable":true,"href":"https:\/\/endopraxis-triantafyllidou.gr\/de\/wp-json\/wp\/v2\/comments?post=960"}],"version-history":[{"count":1,"href":"https:\/\/endopraxis-triantafyllidou.gr\/de\/wp-json\/wp\/v2\/pages\/960\/revisions"}],"predecessor-version":[{"id":961,"href":"https:\/\/endopraxis-triantafyllidou.gr\/de\/wp-json\/wp\/v2\/pages\/960\/revisions\/961"}],"wp:attachment":[{"href":"https:\/\/endopraxis-triantafyllidou.gr\/de\/wp-json\/wp\/v2\/media?parent=960"}],"curies":[{"name":"wp","href":"https:\/\/api.w.org\/{rel}","templated":true}]}}